{"id":492,"date":"2020-04-11T22:25:25","date_gmt":"2020-04-11T20:25:25","guid":{"rendered":"http:\/\/localhost\/wp_inst\/?page_id=492"},"modified":"2020-08-05T10:44:54","modified_gmt":"2020-08-05T08:44:54","slug":"elektroinstalacije","status":"publish","type":"page","link":"https:\/\/www.instelect.si\/sl\/elektroinstalacije\/","title":{"rendered":"Elektroin\u0161talacije"},"content":{"rendered":"<div data-elementor-type=\"wp-page\" data-elementor-id=\"492\" class=\"elementor elementor-492\">\n\t\t\t\t\t\t<section class=\"elementor-section elementor-top-section elementor-element elementor-element-6a70f543 elementor-section-boxed elementor-section-height-default elementor-section-height-default\" data-id=\"6a70f543\" data-element_type=\"section\" data-e-type=\"section\" data-settings=\"{&quot;background_background&quot;:&quot;classic&quot;}\">\n\t\t\t\t\t\t\t<div class=\"elementor-background-overlay\"><\/div>\n\t\t\t\t\t\t\t<div class=\"elementor-container elementor-column-gap-default\">\n\t\t\t\t\t<div class=\"elementor-column elementor-col-100 elementor-top-column elementor-element elementor-element-4d314bae\" data-id=\"4d314bae\" data-element_type=\"column\" data-e-type=\"column\">\n\t\t\t<div class=\"elementor-widget-wrap elementor-element-populated\">\n\t\t\t\t\t\t<div class=\"elementor-element elementor-element-5db5cf77 elementor-widget elementor-widget-heading\" data-id=\"5db5cf77\" data-element_type=\"widget\" data-e-type=\"widget\" data-widget_type=\"heading.default\">\n\t\t\t\t<div class=\"elementor-widget-container\">\n\t\t\t\t\t<h1 class=\"elementor-heading-title elementor-size-default\">Elektroin\u0161talacije in elektronika<\/h1>\t\t\t\t<\/div>\n\t\t\t\t<\/div>\n\t\t\t\t\t<\/div>\n\t\t<\/div>\n\t\t\t\t\t<\/div>\n\t\t<\/section>\n\t\t\t\t<section class=\"elementor-section elementor-top-section elementor-element elementor-element-1683ad18 elementor-section-boxed elementor-section-height-default elementor-section-height-default\" data-id=\"1683ad18\" data-element_type=\"section\" data-e-type=\"section\">\n\t\t\t\t\t\t<div class=\"elementor-container elementor-column-gap-default\">\n\t\t\t\t\t<div class=\"elementor-column elementor-col-100 elementor-top-column elementor-element elementor-element-1fe3344e\" data-id=\"1fe3344e\" data-element_type=\"column\" data-e-type=\"column\">\n\t\t\t<div class=\"elementor-widget-wrap elementor-element-populated\">\n\t\t\t\t\t\t<div class=\"elementor-element elementor-element-1806233f elementor-widget elementor-widget-text-editor\" data-id=\"1806233f\" data-element_type=\"widget\" data-e-type=\"widget\" data-widget_type=\"text-editor.default\">\n\t\t\t\t<div class=\"elementor-widget-container\">\n\t\t\t\t\t\t\t\t\t<p><span style=\"font-size: 16px; font-style: normal; font-weight: 400;\">\u00a0<\/span><span style=\"font-size: 16px; font-style: normal; font-weight: 400;\">Imamo bogate izku\u0161nje na podro\u010dju elektoin\u0161talacij in monta\u017ee elektri\u010dnih komponent , z pri\u010detkom v letu 2002. <\/span>Nudimo bogat nabor storitev s podro\u010dja in\u0161talacij, od manj\u0161ih popravil in zamenjav pa vse do industrijskih in\u0161talacij ter projektive.<\/p>\t\t\t\t\t\t\t\t<\/div>\n\t\t\t\t<\/div>\n\t\t\t\t<div class=\"elementor-element elementor-element-46fc448a elementor-widget elementor-widget-heading\" data-id=\"46fc448a\" data-element_type=\"widget\" data-e-type=\"widget\" data-widget_type=\"heading.default\">\n\t\t\t\t<div class=\"elementor-widget-container\">\n\t\t\t\t\t<h3 class=\"elementor-heading-title elementor-size-default\">Storitve s podro\u010dja elektroin\u0161talacij<\/h3>\t\t\t\t<\/div>\n\t\t\t\t<\/div>\n\t\t\t\t<div class=\"elementor-element elementor-element-ea04838 elementor-widget elementor-widget-toggle\" data-id=\"ea04838\" data-element_type=\"widget\" data-e-type=\"widget\" data-widget_type=\"toggle.default\">\n\t\t\t\t<div class=\"elementor-widget-container\">\n\t\t\t\t\t\t\t<div class=\"elementor-toggle\">\n\t\t\t\t\t\t\t<div class=\"elementor-toggle-item\">\n\t\t\t\t\t<div id=\"elementor-tab-title-2451\" class=\"elementor-tab-title\" data-tab=\"1\" role=\"button\" aria-controls=\"elementor-tab-content-2451\" aria-expanded=\"false\">\n\t\t\t\t\t\t\t\t\t\t\t\t<span class=\"elementor-toggle-icon elementor-toggle-icon-left\" aria-hidden=\"true\">\n\t\t\t\t\t\t\t\t\t\t\t\t\t\t\t<span class=\"elementor-toggle-icon-closed\"><i class=\"fas fa-angle-down\"><\/i><\/span>\n\t\t\t\t\t\t\t\t<span class=\"elementor-toggle-icon-opened\"><i class=\"elementor-toggle-icon-opened fas fa-caret-up\"><\/i><\/span>\n\t\t\t\t\t\t\t\t\t\t\t\t\t<\/span>\n\t\t\t\t\t\t\t\t\t\t\t\t<a class=\"elementor-toggle-title\" tabindex=\"0\">In\u0161talacije stanovanjskih objektov<\/a>\n\t\t\t\t\t<\/div>\n\n\t\t\t\t\t<div id=\"elementor-tab-content-2451\" class=\"elementor-tab-content elementor-clearfix\" data-tab=\"1\" role=\"region\" aria-labelledby=\"elementor-tab-title-2451\"><ul><li>kompletna izvedba elektri\u010dne napeljave v stanovanjskih objektih<\/li><li>groba monta\u017ea<\/li><li>fina monta\u017ea<\/li><li>prenova elektri\u010dne napeljave<\/li><li>prenova elektri\u010dne omarice<\/li><li>manj\u0161a ter ve\u010dja popravila.<\/li><\/ul><\/div>\n\t\t\t\t<\/div>\n\t\t\t\t\t\t\t<div class=\"elementor-toggle-item\">\n\t\t\t\t\t<div id=\"elementor-tab-title-2452\" class=\"elementor-tab-title\" data-tab=\"2\" role=\"button\" aria-controls=\"elementor-tab-content-2452\" aria-expanded=\"false\">\n\t\t\t\t\t\t\t\t\t\t\t\t<span class=\"elementor-toggle-icon elementor-toggle-icon-left\" aria-hidden=\"true\">\n\t\t\t\t\t\t\t\t\t\t\t\t\t\t\t<span class=\"elementor-toggle-icon-closed\"><i class=\"fas fa-angle-down\"><\/i><\/span>\n\t\t\t\t\t\t\t\t<span class=\"elementor-toggle-icon-opened\"><i class=\"elementor-toggle-icon-opened fas fa-caret-up\"><\/i><\/span>\n\t\t\t\t\t\t\t\t\t\t\t\t\t<\/span>\n\t\t\t\t\t\t\t\t\t\t\t\t<a class=\"elementor-toggle-title\" tabindex=\"0\">Industrijske in\u0161talacije<\/a>\n\t\t\t\t\t<\/div>\n\n\t\t\t\t\t<div id=\"elementor-tab-content-2452\" class=\"elementor-tab-content elementor-clearfix\" data-tab=\"2\" role=\"region\" aria-labelledby=\"elementor-tab-title-2452\"><ul><li>elektro in\u0161talacije v industriji\u00a0<\/li><li>razsvetljava proizvodnje<\/li><li>prenova elektroin\u0161talacij<\/li><li>odprava napak v industriji<\/li><\/ul><\/div>\n\t\t\t\t<\/div>\n\t\t\t\t\t\t\t<div class=\"elementor-toggle-item\">\n\t\t\t\t\t<div id=\"elementor-tab-title-2453\" class=\"elementor-tab-title\" data-tab=\"3\" role=\"button\" aria-controls=\"elementor-tab-content-2453\" aria-expanded=\"false\">\n\t\t\t\t\t\t\t\t\t\t\t\t<span class=\"elementor-toggle-icon elementor-toggle-icon-left\" aria-hidden=\"true\">\n\t\t\t\t\t\t\t\t\t\t\t\t\t\t\t<span class=\"elementor-toggle-icon-closed\"><i class=\"fas fa-angle-down\"><\/i><\/span>\n\t\t\t\t\t\t\t\t<span class=\"elementor-toggle-icon-opened\"><i class=\"elementor-toggle-icon-opened fas fa-caret-up\"><\/i><\/span>\n\t\t\t\t\t\t\t\t\t\t\t\t\t<\/span>\n\t\t\t\t\t\t\t\t\t\t\t\t<a class=\"elementor-toggle-title\" tabindex=\"0\">Preventivni in redni servis v industriji<\/a>\n\t\t\t\t\t<\/div>\n\n\t\t\t\t\t<div id=\"elementor-tab-content-2453\" class=\"elementor-tab-content elementor-clearfix\" data-tab=\"3\" role=\"region\" aria-labelledby=\"elementor-tab-title-2453\"><ul><li>na podro\u010dju industrije izvajamo servis strojev in naprav<\/li><li>preventivni<\/li><li>redni<\/li><li>remont<\/li><\/ul><\/div>\n\t\t\t\t<\/div>\n\t\t\t\t\t\t\t<div class=\"elementor-toggle-item\">\n\t\t\t\t\t<div id=\"elementor-tab-title-2454\" class=\"elementor-tab-title\" data-tab=\"4\" role=\"button\" aria-controls=\"elementor-tab-content-2454\" aria-expanded=\"false\">\n\t\t\t\t\t\t\t\t\t\t\t\t<span class=\"elementor-toggle-icon elementor-toggle-icon-left\" aria-hidden=\"true\">\n\t\t\t\t\t\t\t\t\t\t\t\t\t\t\t<span class=\"elementor-toggle-icon-closed\"><i class=\"fas fa-angle-down\"><\/i><\/span>\n\t\t\t\t\t\t\t\t<span class=\"elementor-toggle-icon-opened\"><i class=\"elementor-toggle-icon-opened fas fa-caret-up\"><\/i><\/span>\n\t\t\t\t\t\t\t\t\t\t\t\t\t<\/span>\n\t\t\t\t\t\t\t\t\t\t\t\t<a class=\"elementor-toggle-title\" tabindex=\"0\">Avtomatizacija in elektronika<\/a>\n\t\t\t\t\t<\/div>\n\n\t\t\t\t\t<div id=\"elementor-tab-content-2454\" class=\"elementor-tab-content elementor-clearfix\" data-tab=\"4\" role=\"region\" aria-labelledby=\"elementor-tab-title-2454\"><ul><li>monta\u017ea alarmnih sistemov<\/li><li>monta\u017ea domofonov<\/li><li>monta\u017ea elektri\u010dnih dvori\u0161\u010dnih vrat<\/li><li>monta\u017ea video nadzora<\/li><li>vgradnja in izdelava specialne elktronike<\/li><li>izdelava manj\u0161ih krmilnih sistemov in avtomatizacije<\/li><\/ul><\/div>\n\t\t\t\t<\/div>\n\t\t\t\t\t\t\t\t<\/div>\n\t\t\t\t\t\t<\/div>\n\t\t\t\t<\/div>\n\t\t\t\t\t<\/div>\n\t\t<\/div>\n\t\t\t\t\t<\/div>\n\t\t<\/section>\n\t\t\t\t<section class=\"elementor-section elementor-top-section elementor-element elementor-element-768d64c elementor-section-boxed elementor-section-height-default elementor-section-height-default\" data-id=\"768d64c\" data-element_type=\"section\" data-e-type=\"section\" data-settings=\"{&quot;background_background&quot;:&quot;classic&quot;}\">\n\t\t\t\t\t\t<div class=\"elementor-container elementor-column-gap-default\">\n\t\t\t\t\t<div class=\"elementor-column elementor-col-100 elementor-top-column elementor-element elementor-element-845bd2e\" data-id=\"845bd2e\" data-element_type=\"column\" data-e-type=\"column\">\n\t\t\t<div class=\"elementor-widget-wrap elementor-element-populated\">\n\t\t\t\t\t\t<div class=\"elementor-element elementor-element-999d88c elementor-arrows-position-inside elementor-pagination-position-outside elementor-widget elementor-widget-image-carousel\" data-id=\"999d88c\" data-element_type=\"widget\" data-e-type=\"widget\" data-settings=\"{&quot;slides_to_show&quot;:&quot;4&quot;,&quot;navigation&quot;:&quot;both&quot;,&quot;autoplay&quot;:&quot;yes&quot;,&quot;pause_on_hover&quot;:&quot;yes&quot;,&quot;pause_on_interaction&quot;:&quot;yes&quot;,&quot;autoplay_speed&quot;:5000,&quot;infinite&quot;:&quot;yes&quot;,&quot;speed&quot;:500}\" data-widget_type=\"image-carousel.default\">\n\t\t\t\t<div class=\"elementor-widget-container\">\n\t\t\t\t\t\t\t<div class=\"elementor-image-carousel-wrapper swiper\" role=\"region\" aria-roledescription=\"carousel\" aria-label=\"Image Carousel\" dir=\"ltr\">\n\t\t\t<div class=\"elementor-image-carousel swiper-wrapper\" aria-live=\"off\">\n\t\t\t\t\t\t\t\t<div class=\"swiper-slide\" role=\"group\" aria-roledescription=\"slide\" aria-label=\"1 of 5\"><figure class=\"swiper-slide-inner\"><img decoding=\"async\" class=\"swiper-slide-image\" src=\"https:\/\/www.instelect.si\/wp-content\/uploads\/2020\/04\/div2_2-150x150.png\" alt=\"ip\" \/><\/figure><\/div><div class=\"swiper-slide\" role=\"group\" aria-roledescription=\"slide\" aria-label=\"2 of 5\"><figure class=\"swiper-slide-inner\"><img decoding=\"async\" class=\"swiper-slide-image\" src=\"https:\/\/www.instelect.si\/wp-content\/uploads\/2020\/04\/smarthouse1-150x150.png\" alt=\"brez\u017ei\u010dna povezava\" \/><\/figure><\/div><div class=\"swiper-slide\" role=\"group\" aria-roledescription=\"slide\" aria-label=\"3 of 5\"><figure class=\"swiper-slide-inner\"><img decoding=\"async\" class=\"swiper-slide-image\" src=\"https:\/\/www.instelect.si\/wp-content\/uploads\/2020\/04\/IRpanel1-150x150.png\" alt=\"ir ogrevanje\" \/><\/figure><\/div><div class=\"swiper-slide\" role=\"group\" aria-roledescription=\"slide\" aria-label=\"4 of 5\"><figure class=\"swiper-slide-inner\"><img decoding=\"async\" class=\"swiper-slide-image\" src=\"https:\/\/www.instelect.si\/wp-content\/uploads\/2020\/04\/fan3-150x150.png\" alt=\"prezra\u010devanje\" \/><\/figure><\/div><div class=\"swiper-slide\" role=\"group\" aria-roledescription=\"slide\" aria-label=\"5 of 5\"><figure class=\"swiper-slide-inner\"><img decoding=\"async\" class=\"swiper-slide-image\" src=\"https:\/\/www.instelect.si\/wp-content\/uploads\/2020\/04\/tick_transp-150x150.png\" alt=\"uspe\u0161no opravljeno delo\" \/><\/figure><\/div>\t\t\t<\/div>\n\t\t\t\t\t\t\t\t\t\t\t\t<div class=\"elementor-swiper-button elementor-swiper-button-prev\" role=\"button\" tabindex=\"0\">\n\t\t\t\t\t\t<i aria-hidden=\"true\" class=\"eicon-chevron-left\"><\/i>\t\t\t\t\t<\/div>\n\t\t\t\t\t<div class=\"elementor-swiper-button elementor-swiper-button-next\" role=\"button\" tabindex=\"0\">\n\t\t\t\t\t\t<i aria-hidden=\"true\" class=\"eicon-chevron-right\"><\/i>\t\t\t\t\t<\/div>\n\t\t\t\t\n\t\t\t\t\t\t\t\t\t<div class=\"swiper-pagination\"><\/div>\n\t\t\t\t\t\t\t\t\t<\/div>\n\t\t\t\t\t\t<\/div>\n\t\t\t\t<\/div>\n\t\t\t\t\t<\/div>\n\t\t<\/div>\n\t\t\t\t\t<\/div>\n\t\t<\/section>\n\t\t\t\t<\/div>","protected":false},"excerpt":{"rendered":"<p>Elektroin\u0161talacije in elektronika \u00a0Imamo bogate izku\u0161nje na podro\u010dju elektoin\u0161talacij in monta\u017ee elektri\u010dnih komponent , z pri\u010detkom v letu 2002. Nudimo bogat nabor storitev s podro\u010dja in\u0161talacij, od manj\u0161ih popravil in zamenjav pa vse do industrijskih in\u0161talacij ter projektive. Storitve s podro\u010dja elektroin\u0161talacij In\u0161talacije stanovanjskih objektov kompletna izvedba elektri\u010dne napeljave v stanovanjskih objektih groba monta\u017ea fina [&hellip;]<\/p>","protected":false},"author":1,"featured_media":0,"parent":0,"menu_order":0,"comment_status":"closed","ping_status":"closed","template":"","meta":{"site-sidebar-layout":"no-sidebar","site-content-layout":"page-builder","ast-site-content-layout":"","site-content-style":"default","site-sidebar-style":"default","ast-global-header-display":"","ast-banner-title-visibility":"","ast-main-header-display":"","ast-hfb-above-header-display":"","ast-hfb-below-header-display":"","ast-hfb-mobile-header-display":"","site-post-title":"disabled","ast-breadcrumbs-content":"","ast-featured-img":"disabled","footer-sml-layout":"","theme-transparent-header-meta":"default","adv-header-id-meta":"","stick-header-meta":"","header-above-stick-meta":"","header-main-stick-meta":"","header-below-stick-meta":"","astra-migrate-meta-layouts":"default","ast-page-background-enabled":"default","ast-page-background-meta":{"desktop":{"background-color":"","background-image":"","background-repeat":"repeat","background-position":"center center","background-size":"auto","background-attachment":"scroll","background-type":"","background-media":"","overlay-type":"","overlay-color":"","overlay-opacity":"","overlay-gradient":""},"tablet":{"background-color":"","background-image":"","background-repeat":"repeat","background-position":"center center","background-size":"auto","background-attachment":"scroll","background-type":"","background-media":"","overlay-type":"","overlay-color":"","overlay-opacity":"","overlay-gradient":""},"mobile":{"background-color":"","background-image":"","background-repeat":"repeat","background-position":"center center","background-size":"auto","background-attachment":"scroll","background-type":"","background-media":"","overlay-type":"","overlay-color":"","overlay-opacity":"","overlay-gradient":""}},"ast-content-background-meta":{"desktop":{"background-color":"var(--ast-global-color-5)","background-image":"","background-repeat":"repeat","background-position":"center center","background-size":"auto","background-attachment":"scroll","background-type":"","background-media":"","overlay-type":"","overlay-color":"","overlay-opacity":"","overlay-gradient":""},"tablet":{"background-color":"var(--ast-global-color-5)","background-image":"","background-repeat":"repeat","background-position":"center center","background-size":"auto","background-attachment":"scroll","background-type":"","background-media":"","overlay-type":"","overlay-color":"","overlay-opacity":"","overlay-gradient":""},"mobile":{"background-color":"var(--ast-global-color-5)","background-image":"","background-repeat":"repeat","background-position":"center center","background-size":"auto","background-attachment":"scroll","background-type":"","background-media":"","overlay-type":"","overlay-color":"","overlay-opacity":"","overlay-gradient":""}},"footnotes":""},"class_list":["post-492","page","type-page","status-publish","hentry"],"yoast_head":"<!-- This site is optimized with the Yoast SEO plugin v23.2 - https:\/\/yoast.com\/wordpress\/plugins\/seo\/ -->\n<title>Elektroin\u0161talacije - instelect<\/title>\n<meta name=\"robots\" content=\"index, follow, max-snippet:-1, max-image-preview:large, max-video-preview:-1\" \/>\n<link rel=\"canonical\" href=\"https:\/\/www.instelect.si\/sl\/elektroinstalacije\/\" \/>\n<meta property=\"og:locale\" content=\"sl_SI\" \/>\n<meta property=\"og:type\" content=\"article\" \/>\n<meta property=\"og:title\" content=\"Elektroin\u0161talacije - instelect\" \/>\n<meta property=\"og:description\" content=\"Elektroin\u0161talacije in elektronika \u00a0Imamo bogate izku\u0161nje na podro\u010dju elektoin\u0161talacij in monta\u017ee elektri\u010dnih komponent , z pri\u010detkom v letu 2002. Nudimo bogat nabor storitev s podro\u010dja in\u0161talacij, od manj\u0161ih popravil in zamenjav pa vse do industrijskih in\u0161talacij ter projektive. Storitve s podro\u010dja elektroin\u0161talacij In\u0161talacije stanovanjskih objektov kompletna izvedba elektri\u010dne napeljave v stanovanjskih objektih groba monta\u017ea fina [&hellip;]\" \/>\n<meta property=\"og:url\" content=\"https:\/\/www.instelect.si\/sl\/elektroinstalacije\/\" \/>\n<meta property=\"og:site_name\" content=\"instelect\" \/>\n<meta property=\"article:modified_time\" content=\"2020-08-05T08:44:54+00:00\" \/>\n<meta property=\"og:image\" content=\"https:\/\/www.instelect.si\/wp-content\/uploads\/2020\/04\/div2_2-150x150.png\" \/>\n<meta name=\"twitter:card\" content=\"summary_large_image\" \/>\n<meta name=\"twitter:label1\" content=\"Est. reading time\" \/>\n\t<meta name=\"twitter:data1\" content=\"1 minuta\" \/>\n<script type=\"application\/ld+json\" class=\"yoast-schema-graph\">{\"@context\":\"https:\/\/schema.org\",\"@graph\":[{\"@type\":\"WebPage\",\"@id\":\"https:\/\/www.instelect.si\/elektroinstalacije\/\",\"url\":\"https:\/\/www.instelect.si\/elektroinstalacije\/\",\"name\":\"Elektroin\u0161talacije - instelect\",\"isPartOf\":{\"@id\":\"https:\/\/www.instelect.si\/#website\"},\"primaryImageOfPage\":{\"@id\":\"https:\/\/www.instelect.si\/elektroinstalacije\/#primaryimage\"},\"image\":{\"@id\":\"https:\/\/www.instelect.si\/elektroinstalacije\/#primaryimage\"},\"thumbnailUrl\":\"https:\/\/www.instelect.si\/wp-content\/uploads\/2020\/04\/div2_2-150x150.png\",\"datePublished\":\"2020-04-11T20:25:25+00:00\",\"dateModified\":\"2020-08-05T08:44:54+00:00\",\"breadcrumb\":{\"@id\":\"https:\/\/www.instelect.si\/elektroinstalacije\/#breadcrumb\"},\"inLanguage\":\"sl-SI\",\"potentialAction\":[{\"@type\":\"ReadAction\",\"target\":[\"https:\/\/www.instelect.si\/elektroinstalacije\/\"]}]},{\"@type\":\"ImageObject\",\"inLanguage\":\"sl-SI\",\"@id\":\"https:\/\/www.instelect.si\/elektroinstalacije\/#primaryimage\",\"url\":\"https:\/\/www.instelect.si\/wp-content\/uploads\/2020\/04\/div2_2-150x150.png\",\"contentUrl\":\"https:\/\/www.instelect.si\/wp-content\/uploads\/2020\/04\/div2_2-150x150.png\"},{\"@type\":\"BreadcrumbList\",\"@id\":\"https:\/\/www.instelect.si\/elektroinstalacije\/#breadcrumb\",\"itemListElement\":[{\"@type\":\"ListItem\",\"position\":1,\"name\":\"Home\",\"item\":\"https:\/\/www.instelect.si\/\"},{\"@type\":\"ListItem\",\"position\":2,\"name\":\"Elektroin\u0161talacije\"}]},{\"@type\":\"WebSite\",\"@id\":\"https:\/\/www.instelect.si\/#website\",\"url\":\"https:\/\/www.instelect.si\/\",\"name\":\"instelect\",\"description\":\"S primerno temperaturo, vlago in sve\u017eim zrakom poskrbimo za udobje in zdravje.\",\"publisher\":{\"@id\":\"https:\/\/www.instelect.si\/#organization\"},\"potentialAction\":[{\"@type\":\"SearchAction\",\"target\":{\"@type\":\"EntryPoint\",\"urlTemplate\":\"https:\/\/www.instelect.si\/?s={search_term_string}\"},\"query-input\":\"required name=search_term_string\"}],\"inLanguage\":\"sl-SI\"},{\"@type\":\"Organization\",\"@id\":\"https:\/\/www.instelect.si\/#organization\",\"name\":\"instelect\",\"url\":\"https:\/\/www.instelect.si\/\",\"logo\":{\"@type\":\"ImageObject\",\"inLanguage\":\"sl-SI\",\"@id\":\"https:\/\/www.instelect.si\/#\/schema\/logo\/image\/\",\"url\":\"https:\/\/www.instelect.si\/wp-content\/uploads\/2020\/04\/cropped-2db94316-8425-4880-ad59-c595ddcf3cdf_200x200.png\",\"contentUrl\":\"https:\/\/www.instelect.si\/wp-content\/uploads\/2020\/04\/cropped-2db94316-8425-4880-ad59-c595ddcf3cdf_200x200.png\",\"width\":190,\"height\":83,\"caption\":\"instelect\"},\"image\":{\"@id\":\"https:\/\/www.instelect.si\/#\/schema\/logo\/image\/\"}}]}<\/script>\n<!-- \/ Yoast SEO plugin. -->","yoast_head_json":{"title":"Elektroin\u0161talacije - instelect","robots":{"index":"index","follow":"follow","max-snippet":"max-snippet:-1","max-image-preview":"max-image-preview:large","max-video-preview":"max-video-preview:-1"},"canonical":"https:\/\/www.instelect.si\/sl\/elektroinstalacije\/","og_locale":"sl_SI","og_type":"article","og_title":"Elektroin\u0161talacije - instelect","og_description":"Elektroin\u0161talacije in elektronika \u00a0Imamo bogate izku\u0161nje na podro\u010dju elektoin\u0161talacij in monta\u017ee elektri\u010dnih komponent , z pri\u010detkom v letu 2002. Nudimo bogat nabor storitev s podro\u010dja in\u0161talacij, od manj\u0161ih popravil in zamenjav pa vse do industrijskih in\u0161talacij ter projektive. Storitve s podro\u010dja elektroin\u0161talacij In\u0161talacije stanovanjskih objektov kompletna izvedba elektri\u010dne napeljave v stanovanjskih objektih groba monta\u017ea fina [&hellip;]","og_url":"https:\/\/www.instelect.si\/sl\/elektroinstalacije\/","og_site_name":"instelect","article_modified_time":"2020-08-05T08:44:54+00:00","og_image":[{"url":"https:\/\/www.instelect.si\/wp-content\/uploads\/2020\/04\/div2_2-150x150.png"}],"twitter_card":"summary_large_image","twitter_misc":{"Est. reading time":"1 minuta"},"schema":{"@context":"https:\/\/schema.org","@graph":[{"@type":"WebPage","@id":"https:\/\/www.instelect.si\/elektroinstalacije\/","url":"https:\/\/www.instelect.si\/elektroinstalacije\/","name":"Elektroin\u0161talacije - instelect","isPartOf":{"@id":"https:\/\/www.instelect.si\/#website"},"primaryImageOfPage":{"@id":"https:\/\/www.instelect.si\/elektroinstalacije\/#primaryimage"},"image":{"@id":"https:\/\/www.instelect.si\/elektroinstalacije\/#primaryimage"},"thumbnailUrl":"https:\/\/www.instelect.si\/wp-content\/uploads\/2020\/04\/div2_2-150x150.png","datePublished":"2020-04-11T20:25:25+00:00","dateModified":"2020-08-05T08:44:54+00:00","breadcrumb":{"@id":"https:\/\/www.instelect.si\/elektroinstalacije\/#breadcrumb"},"inLanguage":"sl-SI","potentialAction":[{"@type":"ReadAction","target":["https:\/\/www.instelect.si\/elektroinstalacije\/"]}]},{"@type":"ImageObject","inLanguage":"sl-SI","@id":"https:\/\/www.instelect.si\/elektroinstalacije\/#primaryimage","url":"https:\/\/www.instelect.si\/wp-content\/uploads\/2020\/04\/div2_2-150x150.png","contentUrl":"https:\/\/www.instelect.si\/wp-content\/uploads\/2020\/04\/div2_2-150x150.png"},{"@type":"BreadcrumbList","@id":"https:\/\/www.instelect.si\/elektroinstalacije\/#breadcrumb","itemListElement":[{"@type":"ListItem","position":1,"name":"Home","item":"https:\/\/www.instelect.si\/"},{"@type":"ListItem","position":2,"name":"Elektroin\u0161talacije"}]},{"@type":"WebSite","@id":"https:\/\/www.instelect.si\/#website","url":"https:\/\/www.instelect.si\/","name":"instelect","description":"S primerno temperaturo, vlago in sve\u017eim zrakom poskrbimo za udobje in zdravje.","publisher":{"@id":"https:\/\/www.instelect.si\/#organization"},"potentialAction":[{"@type":"SearchAction","target":{"@type":"EntryPoint","urlTemplate":"https:\/\/www.instelect.si\/?s={search_term_string}"},"query-input":"required name=search_term_string"}],"inLanguage":"sl-SI"},{"@type":"Organization","@id":"https:\/\/www.instelect.si\/#organization","name":"instelect","url":"https:\/\/www.instelect.si\/","logo":{"@type":"ImageObject","inLanguage":"sl-SI","@id":"https:\/\/www.instelect.si\/#\/schema\/logo\/image\/","url":"https:\/\/www.instelect.si\/wp-content\/uploads\/2020\/04\/cropped-2db94316-8425-4880-ad59-c595ddcf3cdf_200x200.png","contentUrl":"https:\/\/www.instelect.si\/wp-content\/uploads\/2020\/04\/cropped-2db94316-8425-4880-ad59-c595ddcf3cdf_200x200.png","width":190,"height":83,"caption":"instelect"},"image":{"@id":"https:\/\/www.instelect.si\/#\/schema\/logo\/image\/"}}]}},"_links":{"self":[{"href":"https:\/\/www.instelect.si\/sl\/wp-json\/wp\/v2\/pages\/492"}],"collection":[{"href":"https:\/\/www.instelect.si\/sl\/wp-json\/wp\/v2\/pages"}],"about":[{"href":"https:\/\/www.instelect.si\/sl\/wp-json\/wp\/v2\/types\/page"}],"author":[{"embeddable":true,"href":"https:\/\/www.instelect.si\/sl\/wp-json\/wp\/v2\/users\/1"}],"replies":[{"embeddable":true,"href":"https:\/\/www.instelect.si\/sl\/wp-json\/wp\/v2\/comments?post=492"}],"version-history":[{"count":26,"href":"https:\/\/www.instelect.si\/sl\/wp-json\/wp\/v2\/pages\/492\/revisions"}],"predecessor-version":[{"id":1719,"href":"https:\/\/www.instelect.si\/sl\/wp-json\/wp\/v2\/pages\/492\/revisions\/1719"}],"wp:attachment":[{"href":"https:\/\/www.instelect.si\/sl\/wp-json\/wp\/v2\/media?parent=492"}],"curies":[{"name":"wp","href":"https:\/\/api.w.org\/{rel}","templated":true}]}}